{"id":1434,"date":"2024-05-22T01:41:04","date_gmt":"2024-05-22T06:41:04","guid":{"rendered":"https:\/\/hilarycespedes.com\/wordpress\/?page_id=1434"},"modified":"2024-05-30T22:18:37","modified_gmt":"2024-05-31T03:18:37","slug":"curso-enscape","status":"publish","type":"page","link":"https:\/\/hilarycespedes.com\/wordpress\/index.php\/curso-enscape\/","title":{"rendered":"Curso Enscape"},"content":{"rendered":"\t\t<div data-elementor-type=\"wp-page\" data-elementor-id=\"1434\" class=\"elementor elementor-1434\">\n\t\t\t\t\t\t\t\t\t<section class=\"elementor-section elementor-top-section elementor-element elementor-element-6d2edeb elementor-section-boxed elementor-section-height-default elementor-section-height-default\" data-id=\"6d2edeb\" data-element_type=\"section\" data-settings=\"{&quot;background_background&quot;:&quot;classic&quot;}\">\n\t\t\t\t\t\t<div class=\"elementor-container elementor-column-gap-default\">\n\t\t\t\t\t<div class=\"elementor-column elementor-col-100 elementor-top-column elementor-element elementor-element-a4123c5\" data-id=\"a4123c5\" data-element_type=\"column\">\n\t\t\t<div class=\"elementor-widget-wrap elementor-element-populated\">\n\t\t\t\t\t\t\t\t<div class=\"elementor-element elementor-element-aa2556c elementor-widget elementor-widget-image\" data-id=\"aa2556c\" data-element_type=\"widget\" data-widget_type=\"image.default\">\n\t\t\t\t<div class=\"elementor-widget-container\">\n\t\t\t<style>\/*! elementor - v3.15.0 - 09-08-2023 *\/\n.elementor-widget-image{text-align:center}.elementor-widget-image a{display:inline-block}.elementor-widget-image a img[src$=\".svg\"]{width:48px}.elementor-widget-image img{vertical-align:middle;display:inline-block}<\/style>\t\t\t\t\t\t\t\t\t\t\t\t<img loading=\"lazy\" decoding=\"async\" width=\"768\" height=\"388\" src=\"https:\/\/hilarycespedes.com\/wordpress\/wp-content\/uploads\/2024\/05\/Imagen-de-WhatsApp-2024-05-01-a-las-23.50.06_cc733293-768x388.jpg\" class=\"attachment-medium_large size-medium_large wp-image-1436\" alt=\"\" srcset=\"https:\/\/hilarycespedes.com\/wordpress\/wp-content\/uploads\/2024\/05\/Imagen-de-WhatsApp-2024-05-01-a-las-23.50.06_cc733293-768x388.jpg 768w, https:\/\/hilarycespedes.com\/wordpress\/wp-content\/uploads\/2024\/05\/Imagen-de-WhatsApp-2024-05-01-a-las-23.50.06_cc733293-300x152.jpg 300w, https:\/\/hilarycespedes.com\/wordpress\/wp-content\/uploads\/2024\/05\/Imagen-de-WhatsApp-2024-05-01-a-las-23.50.06_cc733293-1024x518.jpg 1024w, https:\/\/hilarycespedes.com\/wordpress\/wp-content\/uploads\/2024\/05\/Imagen-de-WhatsApp-2024-05-01-a-las-23.50.06_cc733293.jpg 1280w\" sizes=\"auto, (max-width: 768px) 100vw, 768px\" \/>\t\t\t\t\t\t\t\t\t\t\t\t\t\t\t<\/div>\n\t\t\t\t<\/div>\n\t\t\t\t\t<\/div>\n\t\t<\/div>\n\t\t\t\t\t\t\t<\/div>\n\t\t<\/section>\n\t\t\t\t<section class=\"elementor-section elementor-top-section elementor-element elementor-element-1b66650 elementor-section-boxed elementor-section-height-default elementor-section-height-default\" data-id=\"1b66650\" data-element_type=\"section\" data-settings=\"{&quot;background_background&quot;:&quot;gradient&quot;}\">\n\t\t\t\t\t\t<div class=\"elementor-container elementor-column-gap-default\">\n\t\t\t\t\t<div class=\"elementor-column elementor-col-100 elementor-top-column elementor-element elementor-element-72bd5e5\" data-id=\"72bd5e5\" data-element_type=\"column\">\n\t\t\t<div class=\"elementor-widget-wrap elementor-element-populated\">\n\t\t\t\t\t\t\t\t<div class=\"elementor-element elementor-element-35c54eb elementor-align-left elementor-widget elementor-widget-button\" data-id=\"35c54eb\" data-element_type=\"widget\" data-widget_type=\"button.default\">\n\t\t\t\t<div class=\"elementor-widget-container\">\n\t\t\t\t\t<div class=\"elementor-button-wrapper\">\n\t\t\t<a class=\"elementor-button elementor-button-link elementor-size-sm elementor-animation-grow\" href=\"https:\/\/hilarycespedes.com\/wordpress\/index.php\/enscape-espanol\/\">\n\t\t\t\t\t\t<span class=\"elementor-button-content-wrapper\">\n\t\t\t\t\t\t<span class=\"elementor-button-text\">VERSI\u00d3N ESPA\u00d1OL<\/span>\n\t\t<\/span>\n\t\t\t\t\t<\/a>\n\t\t<\/div>\n\t\t\t\t<\/div>\n\t\t\t\t<\/div>\n\t\t\t\t<div class=\"elementor-element elementor-element-1db4a2b elementor-align-left elementor-widget elementor-widget-button\" data-id=\"1db4a2b\" data-element_type=\"widget\" data-widget_type=\"button.default\">\n\t\t\t\t<div class=\"elementor-widget-container\">\n\t\t\t\t\t<div class=\"elementor-button-wrapper\">\n\t\t\t<a class=\"elementor-button elementor-button-link elementor-size-sm elementor-animation-grow\" href=\"https:\/\/hilarycespedes.com\/wordpress\/index.php\/enscape-english\/\">\n\t\t\t\t\t\t<span class=\"elementor-button-content-wrapper\">\n\t\t\t\t\t\t<span class=\"elementor-button-text\">ENGLISH VERSION<\/span>\n\t\t<\/span>\n\t\t\t\t\t<\/a>\n\t\t<\/div>\n\t\t\t\t<\/div>\n\t\t\t\t<\/div>\n\t\t\t\t<div class=\"elementor-element elementor-element-d62f556 elementor-align-left elementor-widget elementor-widget-button\" data-id=\"d62f556\" data-element_type=\"widget\" data-widget_type=\"button.default\">\n\t\t\t\t<div class=\"elementor-widget-container\">\n\t\t\t\t\t<div class=\"elementor-button-wrapper\">\n\t\t\t<a class=\"elementor-button elementor-button-link elementor-size-sm elementor-animation-grow\" href=\"https:\/\/hilarycespedes.com\/wordpress\/index.php\/enscape-portugues\/\">\n\t\t\t\t\t\t<span class=\"elementor-button-content-wrapper\">\n\t\t\t\t\t\t<span class=\"elementor-button-text\">VERS\u00c3O EM PORTUGUES<\/span>\n\t\t<\/span>\n\t\t\t\t\t<\/a>\n\t\t<\/div>\n\t\t\t\t<\/div>\n\t\t\t\t<\/div>\n\t\t\t\t\t<\/div>\n\t\t<\/div>\n\t\t\t\t\t\t\t<\/div>\n\t\t<\/section>\n\t\t\t\t\t\t\t<\/div>\n\t\t","protected":false},"excerpt":{"rendered":"<p>VERSI\u00d3N ESPA\u00d1OL ENGLISH VERSION VERS\u00c3O EM PORTUGUES<\/p>\n","protected":false},"author":1,"featured_media":0,"parent":0,"menu_order":0,"comment_status":"closed","ping_status":"closed","template":"","meta":{"site-sidebar-layout":"no-sidebar","site-content-layout":"page-builder","ast-global-header-display":"","ast-main-header-display":"","ast-hfb-above-header-display":"","ast-hfb-below-header-display":"","ast-hfb-mobile-header-display":"","site-post-title":"disabled","ast-breadcrumbs-content":"","ast-featured-img":"disabled","footer-sml-layout":"","theme-transparent-header-meta":"","adv-header-id-meta":"","stick-header-meta":"","header-above-stick-meta":"","header-main-stick-meta":"","header-below-stick-meta":"","footnotes":""},"class_list":["post-1434","page","type-page","status-publish","hentry"],"_links":{"self":[{"href":"https:\/\/hilarycespedes.com\/wordpress\/index.php\/wp-json\/wp\/v2\/pages\/1434","targetHints":{"allow":["GET"]}}],"collection":[{"href":"https:\/\/hilarycespedes.com\/wordpress\/index.php\/wp-json\/wp\/v2\/pages"}],"about":[{"href":"https:\/\/hilarycespedes.com\/wordpress\/index.php\/wp-json\/wp\/v2\/types\/page"}],"author":[{"embeddable":true,"href":"https:\/\/hilarycespedes.com\/wordpress\/index.php\/wp-json\/wp\/v2\/users\/1"}],"replies":[{"embeddable":true,"href":"https:\/\/hilarycespedes.com\/wordpress\/index.php\/wp-json\/wp\/v2\/comments?post=1434"}],"version-history":[{"count":13,"href":"https:\/\/hilarycespedes.com\/wordpress\/index.php\/wp-json\/wp\/v2\/pages\/1434\/revisions"}],"predecessor-version":[{"id":1520,"href":"https:\/\/hilarycespedes.com\/wordpress\/index.php\/wp-json\/wp\/v2\/pages\/1434\/revisions\/1520"}],"wp:attachment":[{"href":"https:\/\/hilarycespedes.com\/wordpress\/index.php\/wp-json\/wp\/v2\/media?parent=1434"}],"curies":[{"name":"wp","href":"https:\/\/api.w.org\/{rel}","templated":true}]}}