{"id":1481,"date":"2024-05-30T21:59:34","date_gmt":"2024-05-31T02:59:34","guid":{"rendered":"https:\/\/hilarycespedes.com\/wordpress\/?page_id=1481"},"modified":"2024-05-30T22:11:16","modified_gmt":"2024-05-31T03:11:16","slug":"cursos","status":"publish","type":"page","link":"https:\/\/hilarycespedes.com\/wordpress\/index.php\/cursos\/","title":{"rendered":"Cursos"},"content":{"rendered":"\t\t<div data-elementor-type=\"wp-page\" data-elementor-id=\"1481\" class=\"elementor elementor-1481\">\n\t\t\t\t\t\t\t\t\t<section class=\"elementor-section elementor-top-section elementor-element elementor-element-f8210f1 elementor-section-boxed elementor-section-height-default elementor-section-height-default\" data-id=\"f8210f1\" data-element_type=\"section\" data-settings=\"{&quot;background_background&quot;:&quot;classic&quot;}\">\n\t\t\t\t\t\t<div class=\"elementor-container elementor-column-gap-default\">\n\t\t\t\t\t<div class=\"elementor-column elementor-col-100 elementor-top-column elementor-element elementor-element-71029a7\" data-id=\"71029a7\" data-element_type=\"column\">\n\t\t\t<div class=\"elementor-widget-wrap elementor-element-populated\">\n\t\t\t\t\t\t\t\t<div class=\"elementor-element elementor-element-a11eda5 elementor-widget elementor-widget-image\" data-id=\"a11eda5\" data-element_type=\"widget\" data-widget_type=\"image.default\">\n\t\t\t\t<div class=\"elementor-widget-container\">\n\t\t\t<style>\/*! elementor - v3.15.0 - 09-08-2023 *\/\n.elementor-widget-image{text-align:center}.elementor-widget-image a{display:inline-block}.elementor-widget-image a img[src$=\".svg\"]{width:48px}.elementor-widget-image img{vertical-align:middle;display:inline-block}<\/style>\t\t\t\t\t\t\t\t\t\t\t\t<img loading=\"lazy\" decoding=\"async\" width=\"768\" height=\"432\" src=\"https:\/\/hilarycespedes.com\/wordpress\/wp-content\/uploads\/2023\/10\/modulo-0-1-768x432.jpg\" class=\"attachment-medium_large size-medium_large wp-image-1098\" alt=\"\" srcset=\"https:\/\/hilarycespedes.com\/wordpress\/wp-content\/uploads\/2023\/10\/modulo-0-1-768x432.jpg 768w, https:\/\/hilarycespedes.com\/wordpress\/wp-content\/uploads\/2023\/10\/modulo-0-1-300x169.jpg 300w, https:\/\/hilarycespedes.com\/wordpress\/wp-content\/uploads\/2023\/10\/modulo-0-1-1024x576.jpg 1024w, https:\/\/hilarycespedes.com\/wordpress\/wp-content\/uploads\/2023\/10\/modulo-0-1-1536x864.jpg 1536w, https:\/\/hilarycespedes.com\/wordpress\/wp-content\/uploads\/2023\/10\/modulo-0-1.jpg 1920w\" sizes=\"auto, (max-width: 768px) 100vw, 768px\" \/>\t\t\t\t\t\t\t\t\t\t\t\t\t\t\t<\/div>\n\t\t\t\t<\/div>\n\t\t\t\t\t<\/div>\n\t\t<\/div>\n\t\t\t\t\t\t\t<\/div>\n\t\t<\/section>\n\t\t\t\t<section class=\"elementor-section elementor-top-section elementor-element elementor-element-13743d6 elementor-section-boxed elementor-section-height-default elementor-section-height-default\" data-id=\"13743d6\" data-element_type=\"section\" data-settings=\"{&quot;background_background&quot;:&quot;gradient&quot;}\">\n\t\t\t\t\t\t<div class=\"elementor-container elementor-column-gap-default\">\n\t\t\t\t\t<div class=\"elementor-column elementor-col-100 elementor-top-column elementor-element elementor-element-1420520\" data-id=\"1420520\" data-element_type=\"column\">\n\t\t\t<div class=\"elementor-widget-wrap elementor-element-populated\">\n\t\t\t\t\t\t\t\t<div class=\"elementor-element elementor-element-5fd286b elementor-align-left elementor-widget elementor-widget-button\" data-id=\"5fd286b\" data-element_type=\"widget\" data-widget_type=\"button.default\">\n\t\t\t\t<div class=\"elementor-widget-container\">\n\t\t\t\t\t<div class=\"elementor-button-wrapper\">\n\t\t\t<a class=\"elementor-button elementor-button-link elementor-size-sm elementor-animation-grow\" href=\"https:\/\/hilarycespedes.com\/wordpress\/index.php\/layout\/\">\n\t\t\t\t\t\t<span class=\"elementor-button-content-wrapper\">\n\t\t\t\t\t\t<span class=\"elementor-button-text\">VERSI\u00d3N ESPA\u00d1OL<\/span>\n\t\t<\/span>\n\t\t\t\t\t<\/a>\n\t\t<\/div>\n\t\t\t\t<\/div>\n\t\t\t\t<\/div>\n\t\t\t\t<div class=\"elementor-element elementor-element-2d327ac elementor-align-left elementor-widget elementor-widget-button\" data-id=\"2d327ac\" data-element_type=\"widget\" data-widget_type=\"button.default\">\n\t\t\t\t<div class=\"elementor-widget-container\">\n\t\t\t\t\t<div class=\"elementor-button-wrapper\">\n\t\t\t<a class=\"elementor-button elementor-button-link elementor-size-sm elementor-animation-grow\" href=\"https:\/\/hilarycespedes.com\/wordpress\/index.php\/layout-english\/\">\n\t\t\t\t\t\t<span class=\"elementor-button-content-wrapper\">\n\t\t\t\t\t\t<span class=\"elementor-button-text\">ENGLISH VERSION<\/span>\n\t\t<\/span>\n\t\t\t\t\t<\/a>\n\t\t<\/div>\n\t\t\t\t<\/div>\n\t\t\t\t<\/div>\n\t\t\t\t<div class=\"elementor-element elementor-element-d01c4bd elementor-align-left elementor-widget elementor-widget-button\" data-id=\"d01c4bd\" data-element_type=\"widget\" data-widget_type=\"button.default\">\n\t\t\t\t<div class=\"elementor-widget-container\">\n\t\t\t\t\t<div class=\"elementor-button-wrapper\">\n\t\t\t<a class=\"elementor-button elementor-button-link elementor-size-sm elementor-animation-grow\" href=\"https:\/\/hilarycespedes.com\/wordpress\/index.php\/layout-english\/\">\n\t\t\t\t\t\t<span class=\"elementor-button-content-wrapper\">\n\t\t\t\t\t\t<span class=\"elementor-button-text\">VERS\u00c3O EM PORTUGUES<\/span>\n\t\t<\/span>\n\t\t\t\t\t<\/a>\n\t\t<\/div>\n\t\t\t\t<\/div>\n\t\t\t\t<\/div>\n\t\t\t\t\t<\/div>\n\t\t<\/div>\n\t\t\t\t\t\t\t<\/div>\n\t\t<\/section>\n\t\t\t\t<section class=\"elementor-section elementor-top-section elementor-element elementor-element-d54c805 elementor-section-boxed elementor-section-height-default elementor-section-height-default\" data-id=\"d54c805\" data-element_type=\"section\" data-settings=\"{&quot;background_background&quot;:&quot;classic&quot;}\">\n\t\t\t\t\t\t<div class=\"elementor-container elementor-column-gap-default\">\n\t\t\t\t\t<div class=\"elementor-column elementor-col-100 elementor-top-column elementor-element elementor-element-f6ac76d\" data-id=\"f6ac76d\" data-element_type=\"column\">\n\t\t\t<div class=\"elementor-widget-wrap elementor-element-populated\">\n\t\t\t\t\t\t\t\t<div class=\"elementor-element elementor-element-165be86 elementor-widget elementor-widget-image\" data-id=\"165be86\" data-element_type=\"widget\" data-widget_type=\"image.default\">\n\t\t\t\t<div class=\"elementor-widget-container\">\n\t\t\t\t\t\t\t\t\t\t\t\t\t\t\t<img loading=\"lazy\" decoding=\"async\" width=\"768\" height=\"388\" src=\"https:\/\/hilarycespedes.com\/wordpress\/wp-content\/uploads\/2024\/03\/sketchup-banner-13-768x388.jpg\" class=\"attachment-medium_large size-medium_large wp-image-1394\" alt=\"\" srcset=\"https:\/\/hilarycespedes.com\/wordpress\/wp-content\/uploads\/2024\/03\/sketchup-banner-13-768x388.jpg 768w, https:\/\/hilarycespedes.com\/wordpress\/wp-content\/uploads\/2024\/03\/sketchup-banner-13-300x152.jpg 300w, https:\/\/hilarycespedes.com\/wordpress\/wp-content\/uploads\/2024\/03\/sketchup-banner-13-1024x518.jpg 1024w, https:\/\/hilarycespedes.com\/wordpress\/wp-content\/uploads\/2024\/03\/sketchup-banner-13-1536x776.jpg 1536w, https:\/\/hilarycespedes.com\/wordpress\/wp-content\/uploads\/2024\/03\/sketchup-banner-13-2048x1035.jpg 2048w\" sizes=\"auto, (max-width: 768px) 100vw, 768px\" \/>\t\t\t\t\t\t\t\t\t\t\t\t\t\t\t<\/div>\n\t\t\t\t<\/div>\n\t\t\t\t\t<\/div>\n\t\t<\/div>\n\t\t\t\t\t\t\t<\/div>\n\t\t<\/section>\n\t\t\t\t<section class=\"elementor-section elementor-top-section elementor-element elementor-element-66d93d0 elementor-section-boxed elementor-section-height-default elementor-section-height-default\" data-id=\"66d93d0\" data-element_type=\"section\">\n\t\t\t\t\t\t<div class=\"elementor-container elementor-column-gap-default\">\n\t\t\t\t\t<div class=\"elementor-column elementor-col-100 elementor-top-column elementor-element elementor-element-b756d98\" data-id=\"b756d98\" data-element_type=\"column\">\n\t\t\t<div class=\"elementor-widget-wrap elementor-element-populated\">\n\t\t\t\t\t\t\t\t<div class=\"elementor-element elementor-element-b8076a2 elementor-align-left elementor-widget elementor-widget-button\" data-id=\"b8076a2\" data-element_type=\"widget\" data-widget_type=\"button.default\">\n\t\t\t\t<div class=\"elementor-widget-container\">\n\t\t\t\t\t<div class=\"elementor-button-wrapper\">\n\t\t\t<a class=\"elementor-button elementor-button-link elementor-size-sm elementor-animation-grow\" href=\"https:\/\/hilarycespedes.com\/wordpress\/index.php\/sketchup-espanol\">\n\t\t\t\t\t\t<span class=\"elementor-button-content-wrapper\">\n\t\t\t\t\t\t<span class=\"elementor-button-text\">VERSI\u00d3N ESPA\u00d1OL<\/span>\n\t\t<\/span>\n\t\t\t\t\t<\/a>\n\t\t<\/div>\n\t\t\t\t<\/div>\n\t\t\t\t<\/div>\n\t\t\t\t\t<\/div>\n\t\t<\/div>\n\t\t\t\t\t\t\t<\/div>\n\t\t<\/section>\n\t\t\t\t<section class=\"elementor-section elementor-top-section elementor-element elementor-element-deff077 elementor-section-boxed elementor-section-height-default elementor-section-height-default\" data-id=\"deff077\" data-element_type=\"section\" data-settings=\"{&quot;background_background&quot;:&quot;classic&quot;}\">\n\t\t\t\t\t\t<div class=\"elementor-container elementor-column-gap-default\">\n\t\t\t\t\t<div class=\"elementor-column elementor-col-100 elementor-top-column elementor-element elementor-element-e7566fc\" data-id=\"e7566fc\" data-element_type=\"column\">\n\t\t\t<div class=\"elementor-widget-wrap elementor-element-populated\">\n\t\t\t\t\t\t\t\t<div class=\"elementor-element elementor-element-df6cdbc elementor-widget elementor-widget-image\" data-id=\"df6cdbc\" data-element_type=\"widget\" data-widget_type=\"image.default\">\n\t\t\t\t<div class=\"elementor-widget-container\">\n\t\t\t\t\t\t\t\t\t\t\t\t\t\t\t<img loading=\"lazy\" decoding=\"async\" width=\"768\" height=\"388\" src=\"https:\/\/hilarycespedes.com\/wordpress\/wp-content\/uploads\/2024\/05\/Imagen-de-WhatsApp-2024-05-01-a-las-23.50.06_cc733293-1-768x388.jpg\" class=\"attachment-medium_large size-medium_large wp-image-1483\" alt=\"\" srcset=\"https:\/\/hilarycespedes.com\/wordpress\/wp-content\/uploads\/2024\/05\/Imagen-de-WhatsApp-2024-05-01-a-las-23.50.06_cc733293-1-768x388.jpg 768w, https:\/\/hilarycespedes.com\/wordpress\/wp-content\/uploads\/2024\/05\/Imagen-de-WhatsApp-2024-05-01-a-las-23.50.06_cc733293-1-300x152.jpg 300w, https:\/\/hilarycespedes.com\/wordpress\/wp-content\/uploads\/2024\/05\/Imagen-de-WhatsApp-2024-05-01-a-las-23.50.06_cc733293-1-1024x518.jpg 1024w, https:\/\/hilarycespedes.com\/wordpress\/wp-content\/uploads\/2024\/05\/Imagen-de-WhatsApp-2024-05-01-a-las-23.50.06_cc733293-1.jpg 1272w\" sizes=\"auto, (max-width: 768px) 100vw, 768px\" \/>\t\t\t\t\t\t\t\t\t\t\t\t\t\t\t<\/div>\n\t\t\t\t<\/div>\n\t\t\t\t\t<\/div>\n\t\t<\/div>\n\t\t\t\t\t\t\t<\/div>\n\t\t<\/section>\n\t\t\t\t<section class=\"elementor-section elementor-top-section elementor-element elementor-element-24b7163 elementor-section-boxed elementor-section-height-default elementor-section-height-default\" data-id=\"24b7163\" data-element_type=\"section\" data-settings=\"{&quot;background_background&quot;:&quot;gradient&quot;}\">\n\t\t\t\t\t\t<div class=\"elementor-container elementor-column-gap-default\">\n\t\t\t\t\t<div class=\"elementor-column elementor-col-100 elementor-top-column elementor-element elementor-element-b23e51c\" data-id=\"b23e51c\" data-element_type=\"column\">\n\t\t\t<div class=\"elementor-widget-wrap elementor-element-populated\">\n\t\t\t\t\t\t\t\t<div class=\"elementor-element elementor-element-6998b1f elementor-align-left elementor-widget elementor-widget-button\" data-id=\"6998b1f\" data-element_type=\"widget\" data-widget_type=\"button.default\">\n\t\t\t\t<div class=\"elementor-widget-container\">\n\t\t\t\t\t<div class=\"elementor-button-wrapper\">\n\t\t\t<a class=\"elementor-button elementor-button-link elementor-size-sm elementor-animation-grow\" href=\"https:\/\/hilarycespedes.com\/wordpress\/index.php\/enscape-espanol\/\">\n\t\t\t\t\t\t<span class=\"elementor-button-content-wrapper\">\n\t\t\t\t\t\t<span class=\"elementor-button-text\">VERSI\u00d3N ESPA\u00d1OL<\/span>\n\t\t<\/span>\n\t\t\t\t\t<\/a>\n\t\t<\/div>\n\t\t\t\t<\/div>\n\t\t\t\t<\/div>\n\t\t\t\t<div class=\"elementor-element elementor-element-f6aabe5 elementor-align-left elementor-widget elementor-widget-button\" data-id=\"f6aabe5\" data-element_type=\"widget\" data-widget_type=\"button.default\">\n\t\t\t\t<div class=\"elementor-widget-container\">\n\t\t\t\t\t<div class=\"elementor-button-wrapper\">\n\t\t\t<a class=\"elementor-button elementor-button-link elementor-size-sm elementor-animation-grow\" href=\"https:\/\/hilarycespedes.com\/wordpress\/index.php\/enscape-english\/\">\n\t\t\t\t\t\t<span class=\"elementor-button-content-wrapper\">\n\t\t\t\t\t\t<span class=\"elementor-button-text\">ENGLISH VERSION<\/span>\n\t\t<\/span>\n\t\t\t\t\t<\/a>\n\t\t<\/div>\n\t\t\t\t<\/div>\n\t\t\t\t<\/div>\n\t\t\t\t<div class=\"elementor-element elementor-element-0ef3992 elementor-align-left elementor-widget elementor-widget-button\" data-id=\"0ef3992\" data-element_type=\"widget\" data-widget_type=\"button.default\">\n\t\t\t\t<div class=\"elementor-widget-container\">\n\t\t\t\t\t<div class=\"elementor-button-wrapper\">\n\t\t\t<a class=\"elementor-button elementor-button-link elementor-size-sm elementor-animation-grow\" href=\"https:\/\/hilarycespedes.com\/wordpress\/index.php\/enscape-portugues\/\">\n\t\t\t\t\t\t<span class=\"elementor-button-content-wrapper\">\n\t\t\t\t\t\t<span class=\"elementor-button-text\">VERS\u00c3O EM PORTUGUES<\/span>\n\t\t<\/span>\n\t\t\t\t\t<\/a>\n\t\t<\/div>\n\t\t\t\t<\/div>\n\t\t\t\t<\/div>\n\t\t\t\t\t<\/div>\n\t\t<\/div>\n\t\t\t\t\t\t\t<\/div>\n\t\t<\/section>\n\t\t\t\t\t\t\t<\/div>\n\t\t","protected":false},"excerpt":{"rendered":"<p>VERSI\u00d3N ESPA\u00d1OL ENGLISH VERSION VERS\u00c3O EM PORTUGUES VERSI\u00d3N ESPA\u00d1OL VERSI\u00d3N ESPA\u00d1OL ENGLISH VERSION VERS\u00c3O EM PORTUGUES<\/p>\n","protected":false},"author":1,"featured_media":0,"parent":0,"menu_order":0,"comment_status":"closed","ping_status":"closed","template":"","meta":{"site-sidebar-layout":"no-sidebar","site-content-layout":"page-builder","ast-global-header-display":"","ast-main-header-display":"","ast-hfb-above-header-display":"","ast-hfb-below-header-display":"","ast-hfb-mobile-header-display":"","site-post-title":"disabled","ast-breadcrumbs-content":"","ast-featured-img":"disabled","footer-sml-layout":"","theme-transparent-header-meta":"","adv-header-id-meta":"","stick-header-meta":"","header-above-stick-meta":"","header-main-stick-meta":"","header-below-stick-meta":"","footnotes":""},"class_list":["post-1481","page","type-page","status-publish","hentry"],"_links":{"self":[{"href":"https:\/\/hilarycespedes.com\/wordpress\/index.php\/wp-json\/wp\/v2\/pages\/1481","targetHints":{"allow":["GET"]}}],"collection":[{"href":"https:\/\/hilarycespedes.com\/wordpress\/index.php\/wp-json\/wp\/v2\/pages"}],"about":[{"href":"https:\/\/hilarycespedes.com\/wordpress\/index.php\/wp-json\/wp\/v2\/types\/page"}],"author":[{"embeddable":true,"href":"https:\/\/hilarycespedes.com\/wordpress\/index.php\/wp-json\/wp\/v2\/users\/1"}],"replies":[{"embeddable":true,"href":"https:\/\/hilarycespedes.com\/wordpress\/index.php\/wp-json\/wp\/v2\/comments?post=1481"}],"version-history":[{"count":4,"href":"https:\/\/hilarycespedes.com\/wordpress\/index.php\/wp-json\/wp\/v2\/pages\/1481\/revisions"}],"predecessor-version":[{"id":1507,"href":"https:\/\/hilarycespedes.com\/wordpress\/index.php\/wp-json\/wp\/v2\/pages\/1481\/revisions\/1507"}],"wp:attachment":[{"href":"https:\/\/hilarycespedes.com\/wordpress\/index.php\/wp-json\/wp\/v2\/media?parent=1481"}],"curies":[{"name":"wp","href":"https:\/\/api.w.org\/{rel}","templated":true}]}}